{"id":2070,"date":"2017-11-15T09:03:34","date_gmt":"2017-11-15T09:03:34","guid":{"rendered":"https:\/\/mkk-spreitenbach.ch\/?page_id=5"},"modified":"2022-03-12T18:43:04","modified_gmt":"2022-03-12T18:43:04","slug":"home","status":"publish","type":"page","link":"https:\/\/mkk-spreitenbach.ch\/","title":{"rendered":"Home"},"content":{"rendered":"<p><div class=\"fusion-fullwidth fullwidth-box fusion-builder-row-1 hundred-percent-fullwidth non-hundred-percent-height-scrolling\" style=\"--awb-background-position:center bottom;--awb-border-radius-top-left:0px;--awb-border-radius-top-right:0px;--awb-border-radius-bottom-right:0px;--awb-border-radius-bottom-left:0px;--awb-padding-right:5%;--awb-padding-left:5%;--awb-flex-wrap:wrap;\" ><div class=\"fusion-builder-row fusion-row\"><div class=\"fusion-layout-column fusion_builder_column fusion-builder-column-0 fusion_builder_column_1_5 1_5 fusion-one-fifth fusion-column-first fusion-no-small-visibility\" style=\"--awb-bg-size:cover;width:20%;width:calc(20% - ( ( 3% + 3% ) * 0.2 ) );margin-right: 3%;\"><div class=\"fusion-column-wrapper fusion-flex-column-wrapper-legacy\"><div class=\"fusion-clearfix\"><\/div><\/div><\/div><div class=\"fusion-layout-column fusion_builder_column fusion-builder-column-1 fusion_builder_column_3_5 3_5 fusion-three-fifth\" style=\"--awb-padding-top:70px;--awb-padding-right:8%;--awb-padding-bottom:3%;--awb-padding-left:8%;--awb-bg-size:cover;--awb-border-color:#f44336;--awb-border-bottom:0px;--awb-border-style:solid;--awb-margin-bottom:40px;width:60%;width:calc(60% - ( ( 3% + 3% ) * 0.6 ) );margin-right: 3%;\"><div class=\"fusion-column-wrapper fusion-flex-column-wrapper-legacy\"><div class=\"fusion-image-element fusion-image-align-center in-legacy-container\" style=\"text-align:center;--awb-caption-title-font-family:var(--h2_typography-font-family);--awb-caption-title-font-weight:var(--h2_typography-font-weight);--awb-caption-title-font-style:var(--h2_typography-font-style);--awb-caption-title-size:var(--h2_typography-font-size);--awb-caption-title-transform:var(--h2_typography-text-transform);--awb-caption-title-line-height:var(--h2_typography-line-height);--awb-caption-title-letter-spacing:var(--h2_typography-letter-spacing);\"><div class=\"imageframe-align-center\"><span class=\" fusion-imageframe imageframe-none imageframe-1 hover-type-none\"><a class=\"fusion-no-lightbox\" href=\"http:\/\/themeforest.net\/item\/avada-responsive-multipurpose-theme\/2833226?ref=ThemeFusion\" target=\"_blank\" aria-label=\"logo_hg_schawrz_300x300_Zeichenfl\u00e4che 1\" rel=\"noopener noreferrer\"><img decoding=\"async\" width=\"300\" height=\"300\" src=\"https:\/\/mkk-spreitenbach.ch\/wp-content\/uploads\/2019\/04\/logo_hg_schawrz_300x300_Zeichenfl\u00e4che-1-300x300.png\" alt class=\"img-responsive wp-image-26\" srcset=\"https:\/\/mkk-spreitenbach.ch\/wp-content\/uploads\/2019\/04\/logo_hg_schawrz_300x300_Zeichenfl\u00e4che-1-150x150.png 150w, https:\/\/mkk-spreitenbach.ch\/wp-content\/uploads\/2019\/04\/logo_hg_schawrz_300x300_Zeichenfl\u00e4che-1-230x230.png 230w, https:\/\/mkk-spreitenbach.ch\/wp-content\/uploads\/2019\/04\/logo_hg_schawrz_300x300_Zeichenfl\u00e4che-1-300x300.png 300w, https:\/\/mkk-spreitenbach.ch\/wp-content\/uploads\/2019\/04\/logo_hg_schawrz_300x300_Zeichenfl\u00e4che-1-350x350.png 350w, https:\/\/mkk-spreitenbach.ch\/wp-content\/uploads\/2019\/04\/logo_hg_schawrz_300x300_Zeichenfl\u00e4che-1-480x480.png 480w, https:\/\/mkk-spreitenbach.ch\/wp-content\/uploads\/2019\/04\/logo_hg_schawrz_300x300_Zeichenfl\u00e4che-1-768x768.png 768w, https:\/\/mkk-spreitenbach.ch\/wp-content\/uploads\/2019\/04\/logo_hg_schawrz_300x300_Zeichenfl\u00e4che-1-830x830.png 830w, https:\/\/mkk-spreitenbach.ch\/wp-content\/uploads\/2019\/04\/logo_hg_schawrz_300x300_Zeichenfl\u00e4che-1-1024x1024.png 1024w, https:\/\/mkk-spreitenbach.ch\/wp-content\/uploads\/2019\/04\/logo_hg_schawrz_300x300_Zeichenfl\u00e4che-1.png 1772w\" sizes=\"(max-width: 300px) 100vw, 300px\" \/><\/a><\/span><\/div><\/div><div class=\"fusion-sep-clear\"><\/div><div class=\"fusion-separator fusion-full-width-sep\" style=\"margin-left: auto;margin-right: auto;margin-bottom:50px;width:100%;\"><\/div><div class=\"fusion-sep-clear\"><\/div><div class=\"fusion-title title fusion-title-1 fusion-sep-none fusion-title-center fusion-title-text fusion-title-size-one\"><h1 class=\"fusion-title-heading title-heading-center fusion-responsive-typography-calculated\" style=\"margin:0;--fontSize:48;line-height:1.4;\"><span style=\"color: #ffeb3b;\">FREUDE AM KOCHEN<\/span><br \/>\nHIER IM <span style=\"color: #ffeb3b;\">MKK<\/span> SPREITENBACH<\/h1><\/div><div class=\"fusion-sep-clear\"><\/div><div class=\"fusion-separator\" style=\"margin-left: auto;margin-right: auto;margin-top:20px;margin-bottom:45px;width:100%;max-width:205px;\"><div class=\"fusion-separator-border sep-single sep-solid\" style=\"--awb-height:20px;--awb-amount:20px;--awb-sep-color:#ffeb3b;border-color:#ffeb3b;border-top-width:1px;\"><\/div><\/div><div class=\"fusion-sep-clear\"><\/div><div class=\"fusion-text fusion-text-1\"><div class=\"page\" title=\"Page 1\">\n<div class=\"layoutArea\">\n<div class=\"column\">\n<p style=\"text-align: center;\">Im Jahre 1973 wurde der M\u00e4nnerkochklub Spreitenbach von einer kleinen Gruppe von begeisterungsf\u00e4higen Hobbyk\u00f6chen ins Leben gerufen. Im Laufe der Jahre, gekocht wurde anf\u00e4nglich in der K\u00fcche im Schulhaus Boostock, ist der Klub langsam gewachsen. Zur Zeit besteht der Klub aus 13 aktiven Mitgliedern, welche sich einmal im Monat treffen, um zusammen in der Schulk\u00fcche Althau zu kochen. Abwechslungsweise sind jeweils zwei Hobbyk\u00f6che f\u00fcr die Menugestaltung und den Einkauf verantwortlich. Essen d\u00fcrfen (m\u00fcssen) dann alle.<\/p>\n<p style=\"text-align: center;\">Neben dem monatlichen Kochen engagiert sich der M\u00e4nnerkochklub bei \u00f6ffentlichen Anlassen. Am 23. M\u00e4rz hat er f\u00fcr die Teilnehmer an der Waldputzete grilliert und am 28. Juni ist er f\u00fcr die Verk\u00f6stigung der G\u00e4ste am Sommernachtsfest der Schule zust\u00e4ndig. Diese T\u00e4tigkeit soll f\u00fcr die n\u00e4chsten Jahre noch ausgebaut werden.<\/p>\n<p style=\"text-align: center;\">Da in der Schulk\u00fcche nicht mehr Platz zur Verf\u00fcgung steht, ist die maximale Mitgliederzahl auf 16 Personen beschr\u00e4nkt. Es hat also noch einige Pl\u00e4tze frei. Interessierte sind herzlich willkommen und melden sich bitte zum \u201eSchnupperabend\u201c mittels der nachstehend aufgef\u00fchrter Mail- Adresse. info@mkk-spreitenbach.ch<\/p>\n<\/div>\n<\/div>\n<\/div>\n<\/div><div class=\"fusion-clearfix\"><\/div><\/div><\/div><div class=\"fusion-layout-column fusion_builder_column fusion-builder-column-2 fusion_builder_column_1_5 1_5 fusion-one-fifth fusion-column-last fusion-no-small-visibility\" style=\"--awb-bg-size:cover;width:20%;width:calc(20% - ( ( 3% + 3% ) * 0.2 ) );\"><div class=\"fusion-column-wrapper fusion-flex-column-wrapper-legacy\"><div class=\"fusion-clearfix\"><\/div><\/div><\/div><\/div><\/div><div class=\"fusion-fullwidth fullwidth-box fusion-builder-row-2 hundred-percent-fullwidth non-hundred-percent-height-scrolling\" style=\"--awb-border-sizes-top:0px;--awb-border-sizes-bottom:0px;--awb-border-sizes-left:0px;--awb-border-sizes-right:0px;--awb-border-color:#2b2b2b;--awb-border-radius-top-left:0px;--awb-border-radius-top-right:0px;--awb-border-radius-bottom-right:0px;--awb-border-radius-bottom-left:0px;--awb-padding-bottom:5%;--awb-flex-wrap:wrap;\" ><div class=\"fusion-builder-row fusion-row\"><div class=\"fusion-layout-column fusion_builder_column fusion-builder-column-3 fusion_builder_column_1_4 1_4 fusion-one-fourth fusion-column-first fusion-no-small-visibility\" style=\"--awb-bg-size:cover;width:25%;width:calc(25% - ( ( 4% + 4% ) * 0.25 ) );margin-right: 4%;\"><div class=\"fusion-column-wrapper fusion-flex-column-wrapper-legacy\"><div class=\"fusion-clearfix\"><\/div><\/div><\/div><div class=\"fusion-layout-column fusion_builder_column fusion-builder-column-4 fusion_builder_column_1_2 1_2 fusion-one-half\" style=\"--awb-padding-top:120px;--awb-padding-bottom:60px;--awb-bg-size:cover;width:50%;width:calc(50% - ( ( 4% + 4% ) * 0.5 ) );margin-right: 4%;\"><div class=\"fusion-column-wrapper fusion-flex-column-wrapper-legacy\"><div class=\"fusion-title title fusion-title-2 fusion-sep-none fusion-title-center fusion-title-text fusion-title-size-two\"><h2 class=\"fusion-title-heading title-heading-center fusion-responsive-typography-calculated\" style=\"margin:0;--fontSize:28;line-height:1.5;\">UNSER VORSTAND<\/h2><\/div><div class=\"fusion-sep-clear\"><\/div><div class=\"fusion-separator\" style=\"margin-left: auto;margin-right: auto;margin-top:20px;margin-bottom:45px;width:100%;max-width:105px;\"><div class=\"fusion-separator-border sep-single sep-solid\" style=\"--awb-height:20px;--awb-amount:20px;--awb-sep-color:#ffeb3b;border-color:#ffeb3b;border-top-width:1px;\"><\/div><\/div><div class=\"fusion-sep-clear\"><\/div><div class=\"fusion-testimonials clean awb-speech-bubble-show fusion-testimonials-1\" style=\"--awb-textcolor:#917852;--awb-backgroundcolor:rgba(255,255,255,0);--awb-testimonial-border-style:solid;--awb-testimonial-border-color:var(--awb-color3);--awb-border-top-left-radius:0px;--awb-border-top-right-radius:0px;--awb-border-bottom-left-radius:0px;--awb-border-bottom-right-radius:0px;--testimonial-border-width-top:0px;--testimonial-border-width-right:0px;--testimonial-border-width-bottom:0px;--testimonial-border-width-left:0px;\" data-random=\"0\" data-speed=\"8000\"><div class=\"reviews\"><div class=\"review active-testimonial avatar-above male\"><div class=\"testimonial-thumbnail doe\"><\/div><blockquote class=\"has-transparent-color\"><div class=\"awb-quote\"><div class=\"awb-quote-content\">\n<p><span style=\"color: #ffffff;\">Im Kochklub verschmelzen f\u00fcr mich Kameradschaft, Geselligkeit, Genuss und Leidenschaft zu einer Einheit. Als Pr\u00e4sident liegt es mir am Herzen, mit meinen Mannen eine tolle Truppe zu haben.<\/span><\/p>\n<\/div><\/div><\/blockquote><div class=\"author\"><span class=\"company-name\"><strong>Thomas Burger<\/strong>, <a href=\"http:\/\/themeforest.net\/item\/avada-responsive-multipurpose-theme\/2833226?ref=ThemeFusion\" target=\"_blank\" rel=\"noopener noreferrer\"><span>Pr\u00e4sident<\/span><\/a><\/span><\/div><\/div><div class=\"review avatar-above male\"><div class=\"testimonial-thumbnail doe\"><\/div><blockquote class=\"has-transparent-color\"><div class=\"awb-quote\"><div class=\"awb-quote-content\"><span style=\"color: #ffffff;\">Ein Rezept selbst hat keine Seele. Als Koch muss man die Seele erst im Rezept einbringen.<\/span><\/div><\/div><\/blockquote><div class=\"author\"><span class=\"company-name\"><strong>Peter Hofer<\/strong>, <a href=\"http:\/\/themeforest.net\/item\/avada-responsive-multipurpose-theme\/2833226?ref=ThemeFusion\" target=\"_blank\" rel=\"noopener noreferrer\"><span>Aktuar<\/span><\/a><\/span><\/div><\/div><div class=\"review avatar-above male\"><div class=\"testimonial-thumbnail doe\"><\/div><blockquote class=\"has-transparent-color\"><div class=\"awb-quote\"><div class=\"awb-quote-content\"><span style=\"color: #ffffff;\">Ich bin Mitglied im M\u00e4nnerkochklub weil ich gerne neue Rezepte kennenlerne und diese dann mit interessierten Kollegen nachkoche und zum Schluss in gem\u00fctlicher Runde geniesse.<\/span><\/div><\/div><\/blockquote><div class=\"author\"><span class=\"company-name\"><strong>Willy Lehmann<\/strong>, <a href=\"http:\/\/themeforest.net\/item\/avada-responsive-multipurpose-theme\/2833226?ref=ThemeFusion\" target=\"_blank\" rel=\"noopener noreferrer\"><span>Kassier<\/span><\/a><\/span><\/div><\/div><\/div><\/div><div class=\"fusion-clearfix\"><\/div><\/div><\/div><div class=\"fusion-layout-column fusion_builder_column fusion-builder-column-5 fusion_builder_column_1_4 1_4 fusion-one-fourth fusion-column-last fusion-no-small-visibility\" style=\"--awb-bg-size:cover;width:25%;width:calc(25% - ( ( 4% + 4% ) * 0.25 ) );\"><div class=\"fusion-column-wrapper fusion-flex-column-wrapper-legacy\"><div class=\"fusion-clearfix\"><\/div><\/div><\/div><\/div><\/div><div class=\"fusion-fullwidth fullwidth-box fusion-builder-row-3 hundred-percent-fullwidth non-hundred-percent-height-scrolling\" style=\"--awb-border-sizes-top:0px;--awb-border-sizes-bottom:0px;--awb-border-sizes-left:0px;--awb-border-sizes-right:0px;--awb-border-color:#2b2b2b;--awb-border-radius-top-left:0px;--awb-border-radius-top-right:0px;--awb-border-radius-bottom-right:0px;--awb-border-radius-bottom-left:0px;--awb-padding-bottom:5%;--awb-flex-wrap:wrap;\" ><div class=\"fusion-builder-row fusion-row\"><div class=\"fusion-layout-column fusion_builder_column fusion-builder-column-6 fusion_builder_column_1_4 1_4 fusion-one-fourth fusion-column-first fusion-no-small-visibility\" style=\"--awb-bg-size:cover;width:25%;width:calc(25% - ( ( 4% + 4% ) * 0.25 ) );margin-right: 4%;\"><div class=\"fusion-column-wrapper fusion-flex-column-wrapper-legacy\"><div class=\"fusion-clearfix\"><\/div><\/div><\/div><div class=\"fusion-layout-column fusion_builder_column fusion-builder-column-7 fusion_builder_column_1_2 1_2 fusion-one-half\" style=\"--awb-padding-top:120px;--awb-padding-bottom:60px;--awb-bg-size:cover;width:50%;width:calc(50% - ( ( 4% + 4% ) * 0.5 ) );margin-right: 4%;\"><div class=\"fusion-column-wrapper fusion-flex-column-wrapper-legacy\"><div class=\"fusion-title title fusion-title-3 fusion-sep-none fusion-title-center fusion-title-text fusion-title-size-two\"><h2 class=\"fusion-title-heading title-heading-center fusion-responsive-typography-calculated\" style=\"margin:0;--fontSize:28;line-height:1.5;\">UNSER ANL\u00c4SSE<\/h2><\/div><div class=\"fusion-sep-clear\"><\/div><div class=\"fusion-separator\" style=\"margin-left: auto;margin-right: auto;margin-top:20px;margin-bottom:45px;width:100%;max-width:105px;\"><div class=\"fusion-separator-border sep-single sep-solid\" style=\"--awb-height:20px;--awb-amount:20px;--awb-sep-color:#ffeb3b;border-color:#ffeb3b;border-top-width:1px;\"><\/div><\/div><div class=\"fusion-sep-clear\"><\/div>\n<div class=\"table-2 fusion-animated\" data-animationType=\"fadeInDown\" data-animationDuration=\"0.3\" data-animationOffset=\"bottom-in-view\">\n<table width=\"100%\">\n<tbody>\n<tr>\n<td align=\"left\">14. Januar 2022<\/td>\n<td align=\"left\">Generalversammlung<\/td>\n<\/tr>\n<tr>\n<td align=\"left\">? Juni 2022<\/td>\n<td align=\"left\">Sommernachtsfest<\/td>\n<\/tr>\n<tr>\n<td align=\"left\">19. Juni 2022<\/td>\n<td align=\"left\">Grillplausch neue Waldh\u00fctte<\/td>\n<\/tr>\n<tr>\n<td align=\"left\">19. November 2022<\/td>\n<td align=\"left\">Weihnachtsmarkt<\/td>\n<\/tr>\n<tr>\n<td align=\"left\">20. Januar 2023<\/td>\n<td align=\"left\">Generalversammlung<\/td>\n<\/tr>\n<\/tbody>\n<\/table>\n<\/div>\n<div class=\"fusion-clearfix\"><\/div><\/div><\/div><div class=\"fusion-layout-column fusion_builder_column fusion-builder-column-8 fusion_builder_column_1_4 1_4 fusion-one-fourth fusion-column-last fusion-no-small-visibility\" style=\"--awb-bg-size:cover;width:25%;width:calc(25% - ( ( 4% + 4% ) * 0.25 ) );\"><div class=\"fusion-column-wrapper fusion-flex-column-wrapper-legacy\"><div class=\"fusion-clearfix\"><\/div><\/div><\/div><\/div><\/div><\/p>\n","protected":false},"excerpt":{"rendered":"","protected":false},"author":1,"featured_media":0,"parent":0,"menu_order":0,"comment_status":"closed","ping_status":"closed","template":"100-width.php","meta":{"_monsterinsights_skip_tracking":false,"_monsterinsights_sitenote_active":false,"_monsterinsights_sitenote_note":"","_monsterinsights_sitenote_category":0,"footnotes":""},"class_list":["post-2070","page","type-page","status-publish","hentry"],"_links":{"self":[{"href":"https:\/\/mkk-spreitenbach.ch\/index.php?rest_route=\/wp\/v2\/pages\/2070","targetHints":{"allow":["GET"]}}],"collection":[{"href":"https:\/\/mkk-spreitenbach.ch\/index.php?rest_route=\/wp\/v2\/pages"}],"about":[{"href":"https:\/\/mkk-spreitenbach.ch\/index.php?rest_route=\/wp\/v2\/types\/page"}],"author":[{"embeddable":true,"href":"https:\/\/mkk-spreitenbach.ch\/index.php?rest_route=\/wp\/v2\/users\/1"}],"replies":[{"embeddable":true,"href":"https:\/\/mkk-spreitenbach.ch\/index.php?rest_route=%2Fwp%2Fv2%2Fcomments&post=2070"}],"version-history":[{"count":63,"href":"https:\/\/mkk-spreitenbach.ch\/index.php?rest_route=\/wp\/v2\/pages\/2070\/revisions"}],"predecessor-version":[{"id":2751,"href":"https:\/\/mkk-spreitenbach.ch\/index.php?rest_route=\/wp\/v2\/pages\/2070\/revisions\/2751"}],"wp:attachment":[{"href":"https:\/\/mkk-spreitenbach.ch\/index.php?rest_route=%2Fwp%2Fv2%2Fmedia&parent=2070"}],"curies":[{"name":"wp","href":"https:\/\/api.w.org\/{rel}","templated":true}]}}